{"id":2963,"date":"2025-06-05T10:13:57","date_gmt":"2025-06-05T04:43:57","guid":{"rendered":"https:\/\/tanshcreative.com\/mellow-wp\/?page_id=2963"},"modified":"2025-11-03T15:47:37","modified_gmt":"2025-11-03T15:47:37","slug":"freizeit","status":"publish","type":"page","link":"https:\/\/olivergerber.ch\/index.php\/freizeit\/","title":{"rendered":"Freizeit"},"content":{"rendered":"\t\t<div data-elementor-type=\"wp-page\" data-elementor-id=\"2963\" class=\"elementor elementor-2963\" data-elementor-post-type=\"page\">\n\t\t\t\t<div class=\"elementor-element elementor-element-f5ea265 e-flex e-con-boxed e-con e-parent\" data-id=\"f5ea265\" data-element_type=\"container\">\n\t\t\t\t\t<div class=\"e-con-inner\">\n\t\t<div class=\"elementor-element elementor-element-101d51b e-con-full e-flex e-con e-child\" data-id=\"101d51b\" data-element_type=\"container\">\n\t\t\t\t<div class=\"elementor-element elementor-element-c265795 elementor-align-left elementor-widget elementor-widget-dtr-heading\" data-id=\"c265795\" data-element_type=\"widget\" data-widget_type=\"dtr-heading.default\">\n\t\t\t\t<div class=\"elementor-widget-container\">\n\t\t\t\t\t\t\t<div class=\"dtr-heading-wrapper\">\r\n                \t<h2 class=\"dtr-heading\">Wildlife &amp; Freizeitfotografie<\/h2>\r\n        \t\t<\/div>\r\n\t\t\t\t<\/div>\n\t\t\t\t<\/div>\n\t\t\t\t<\/div>\n\t\t<div class=\"elementor-element elementor-element-b800a85 e-con-full e-flex e-con e-child\" data-id=\"b800a85\" data-element_type=\"container\">\n\t\t<div class=\"elementor-element elementor-element-5175d18 e-con-full e-flex e-con e-child\" data-id=\"5175d18\" data-element_type=\"container\">\n\t\t\t\t<div class=\"elementor-element elementor-element-fd9f529 elementor-widget elementor-widget-image\" data-id=\"fd9f529\" data-element_type=\"widget\" data-widget_type=\"image.default\">\n\t\t\t\t\t\t\t\t\t\t\t\t\t\t\t<img fetchpriority=\"high\" decoding=\"async\" width=\"1920\" height=\"1277\" src=\"https:\/\/olivergerber.ch\/wp-content\/uploads\/2025\/10\/OGE08597-scaled.webp\" class=\"attachment-full size-full wp-image-3759\" alt=\"\" srcset=\"https:\/\/olivergerber.ch\/wp-content\/uploads\/2025\/10\/OGE08597-scaled.webp 1920w, https:\/\/olivergerber.ch\/wp-content\/uploads\/2025\/10\/OGE08597-300x199.webp 300w, https:\/\/olivergerber.ch\/wp-content\/uploads\/2025\/10\/OGE08597-1024x681.webp 1024w, https:\/\/olivergerber.ch\/wp-content\/uploads\/2025\/10\/OGE08597-768x511.webp 768w, https:\/\/olivergerber.ch\/wp-content\/uploads\/2025\/10\/OGE08597-1536x1021.webp 1536w\" sizes=\"(max-width: 1920px) 100vw, 1920px\" \/>\t\t\t\t\t\t\t\t\t\t\t\t\t\t\t<\/div>\n\t\t\t\t<\/div>\n\t\t<div class=\"elementor-element elementor-element-56fdf88 e-con-full e-flex e-con e-child\" data-id=\"56fdf88\" data-element_type=\"container\">\n\t\t\t\t<div class=\"elementor-element elementor-element-fcf4b0b elementor-align-left elementor-widget elementor-widget-dtr-heading\" data-id=\"fcf4b0b\" data-element_type=\"widget\" data-widget_type=\"dtr-heading.default\">\n\t\t\t\t<div class=\"elementor-widget-container\">\n\t\t\t\t\t\t\t<div class=\"dtr-heading-wrapper\">\r\n                \t<h5 class=\"dtr-heading\">Wenn ich nicht f\u00fcr Kund*innen unterwegs bin, findest du mich meistens draussen mit der Kamera in der Hand.<\/h5>\r\n        \t\t<\/div>\r\n\t\t\t\t<\/div>\n\t\t\t\t<\/div>\n\t\t\t\t<div class=\"elementor-element elementor-element-d086938 elementor-widget elementor-widget-text-editor\" data-id=\"d086938\" data-element_type=\"widget\" data-widget_type=\"text-editor.default\">\n\t\t\t\t\t\t\t\t\t<p>Tiere in ihrer nat\u00fcrlichen Umgebung zu fotografieren, ist f\u00fcr mich pure Leidenschaft. Es erfordert Geduld, Respekt und das richtige Gesp\u00fcr f\u00fcr den Moment. Genau das fasziniert mich: die Sch\u00f6nheit der Natur, echte Wildtierbegegnungen und ungestellte Situationen festzuhalten.<\/p>\t\t\t\t\t\t\t\t<\/div>\n\t\t\t\t<\/div>\n\t\t\t\t<\/div>\n\t\t\t\t<div class=\"elementor-element elementor-element-e9355ac elementor-widget elementor-widget-gallery\" data-id=\"e9355ac\" data-element_type=\"widget\" data-settings=\"{&quot;lazyload&quot;:&quot;yes&quot;,&quot;gallery_layout&quot;:&quot;grid&quot;,&quot;columns&quot;:4,&quot;columns_tablet&quot;:2,&quot;columns_mobile&quot;:1,&quot;gap&quot;:{&quot;unit&quot;:&quot;px&quot;,&quot;size&quot;:10,&quot;sizes&quot;:[]},&quot;gap_tablet&quot;:{&quot;unit&quot;:&quot;px&quot;,&quot;size&quot;:10,&quot;sizes&quot;:[]},&quot;gap_mobile&quot;:{&quot;unit&quot;:&quot;px&quot;,&quot;size&quot;:10,&quot;sizes&quot;:[]},&quot;link_to&quot;:&quot;file&quot;,&quot;aspect_ratio&quot;:&quot;3:2&quot;,&quot;overlay_background&quot;:&quot;yes&quot;,&quot;content_hover_animation&quot;:&quot;fade-in&quot;}\" data-widget_type=\"gallery.default\">\n\t\t\t\t\t\t\t<div class=\"elementor-gallery__container\">\n\t\t\t\t\t\t\t<a class=\"e-gallery-item elementor-gallery-item elementor-animated-content\" href=\"https:\/\/olivergerber.ch\/wp-content\/uploads\/2025\/10\/DSC0231-scaled.webp\" data-elementor-open-lightbox=\"yes\" data-elementor-lightbox-slideshow=\"e9355ac\" data-elementor-lightbox-title=\"_DSC0231\" data-e-action-hash=\"#elementor-action%3Aaction%3Dlightbox%26settings%3DeyJpZCI6Mzc1MSwidXJsIjoiaHR0cHM6XC9cL29saXZlcmdlcmJlci5jaFwvd3AtY29udGVudFwvdXBsb2Fkc1wvMjAyNVwvMTBcL0RTQzAyMzEtc2NhbGVkLndlYnAiLCJzbGlkZXNob3ciOiJlOTM1NWFjIn0%3D\">\n\t\t\t\t\t<div class=\"e-gallery-image elementor-gallery-item__image\" data-thumbnail=\"https:\/\/olivergerber.ch\/wp-content\/uploads\/2025\/10\/DSC0231-300x200.webp\" data-width=\"300\" data-height=\"200\" aria-label=\"\" role=\"img\" ><\/div>\n\t\t\t\t\t\t\t\t\t\t\t<div class=\"elementor-gallery-item__overlay\"><\/div>\n\t\t\t\t\t\t\t\t\t\t\t\t\t\t<\/a>\n\t\t\t\t\t\t\t<a class=\"e-gallery-item elementor-gallery-item elementor-animated-content\" href=\"https:\/\/olivergerber.ch\/wp-content\/uploads\/2025\/10\/DSC2149.webp\" data-elementor-open-lightbox=\"yes\" data-elementor-lightbox-slideshow=\"e9355ac\" data-elementor-lightbox-title=\"_DSC2149\" data-e-action-hash=\"#elementor-action%3Aaction%3Dlightbox%26settings%3DeyJpZCI6Mzc1MywidXJsIjoiaHR0cHM6XC9cL29saXZlcmdlcmJlci5jaFwvd3AtY29udGVudFwvdXBsb2Fkc1wvMjAyNVwvMTBcL0RTQzIxNDkud2VicCIsInNsaWRlc2hvdyI6ImU5MzU1YWMifQ%3D%3D\">\n\t\t\t\t\t<div class=\"e-gallery-image elementor-gallery-item__image\" data-thumbnail=\"https:\/\/olivergerber.ch\/wp-content\/uploads\/2025\/10\/DSC2149-300x200.webp\" data-width=\"300\" data-height=\"200\" aria-label=\"\" role=\"img\" ><\/div>\n\t\t\t\t\t\t\t\t\t\t\t<div class=\"elementor-gallery-item__overlay\"><\/div>\n\t\t\t\t\t\t\t\t\t\t\t\t\t\t<\/a>\n\t\t\t\t\t\t\t<a class=\"e-gallery-item elementor-gallery-item elementor-animated-content\" href=\"https:\/\/olivergerber.ch\/wp-content\/uploads\/2025\/10\/DSC1051-scaled.webp\" data-elementor-open-lightbox=\"yes\" data-elementor-lightbox-slideshow=\"e9355ac\" data-elementor-lightbox-title=\"_DSC1051\" data-e-action-hash=\"#elementor-action%3Aaction%3Dlightbox%26settings%3DeyJpZCI6Mzc1NCwidXJsIjoiaHR0cHM6XC9cL29saXZlcmdlcmJlci5jaFwvd3AtY29udGVudFwvdXBsb2Fkc1wvMjAyNVwvMTBcL0RTQzEwNTEtc2NhbGVkLndlYnAiLCJzbGlkZXNob3ciOiJlOTM1NWFjIn0%3D\">\n\t\t\t\t\t<div class=\"e-gallery-image elementor-gallery-item__image\" data-thumbnail=\"https:\/\/olivergerber.ch\/wp-content\/uploads\/2025\/10\/DSC1051-300x200.webp\" data-width=\"300\" data-height=\"200\" aria-label=\"\" role=\"img\" ><\/div>\n\t\t\t\t\t\t\t\t\t\t\t<div class=\"elementor-gallery-item__overlay\"><\/div>\n\t\t\t\t\t\t\t\t\t\t\t\t\t\t<\/a>\n\t\t\t\t\t\t\t<a class=\"e-gallery-item elementor-gallery-item elementor-animated-content\" href=\"https:\/\/olivergerber.ch\/wp-content\/uploads\/2025\/10\/DSC1932-scaled.webp\" data-elementor-open-lightbox=\"yes\" data-elementor-lightbox-slideshow=\"e9355ac\" data-elementor-lightbox-title=\"_DSC1932\" data-e-action-hash=\"#elementor-action%3Aaction%3Dlightbox%26settings%3DeyJpZCI6Mzc1NSwidXJsIjoiaHR0cHM6XC9cL29saXZlcmdlcmJlci5jaFwvd3AtY29udGVudFwvdXBsb2Fkc1wvMjAyNVwvMTBcL0RTQzE5MzItc2NhbGVkLndlYnAiLCJzbGlkZXNob3ciOiJlOTM1NWFjIn0%3D\">\n\t\t\t\t\t<div class=\"e-gallery-image elementor-gallery-item__image\" data-thumbnail=\"https:\/\/olivergerber.ch\/wp-content\/uploads\/2025\/10\/DSC1932-300x200.webp\" data-width=\"300\" data-height=\"200\" aria-label=\"\" role=\"img\" ><\/div>\n\t\t\t\t\t\t\t\t\t\t\t<div class=\"elementor-gallery-item__overlay\"><\/div>\n\t\t\t\t\t\t\t\t\t\t\t\t\t\t<\/a>\n\t\t\t\t\t\t\t<a class=\"e-gallery-item elementor-gallery-item elementor-animated-content\" href=\"https:\/\/olivergerber.ch\/wp-content\/uploads\/2025\/10\/DSC3916.webp\" data-elementor-open-lightbox=\"yes\" data-elementor-lightbox-slideshow=\"e9355ac\" data-elementor-lightbox-title=\"_DSC3916\" data-e-action-hash=\"#elementor-action%3Aaction%3Dlightbox%26settings%3DeyJpZCI6Mzc1NiwidXJsIjoiaHR0cHM6XC9cL29saXZlcmdlcmJlci5jaFwvd3AtY29udGVudFwvdXBsb2Fkc1wvMjAyNVwvMTBcL0RTQzM5MTYud2VicCIsInNsaWRlc2hvdyI6ImU5MzU1YWMifQ%3D%3D\">\n\t\t\t\t\t<div class=\"e-gallery-image elementor-gallery-item__image\" data-thumbnail=\"https:\/\/olivergerber.ch\/wp-content\/uploads\/2025\/10\/DSC3916-300x200.webp\" data-width=\"300\" data-height=\"200\" aria-label=\"\" role=\"img\" ><\/div>\n\t\t\t\t\t\t\t\t\t\t\t<div class=\"elementor-gallery-item__overlay\"><\/div>\n\t\t\t\t\t\t\t\t\t\t\t\t\t\t<\/a>\n\t\t\t\t\t\t\t<a class=\"e-gallery-item elementor-gallery-item elementor-animated-content\" href=\"https:\/\/olivergerber.ch\/wp-content\/uploads\/2025\/10\/DSC3951-scaled.webp\" data-elementor-open-lightbox=\"yes\" data-elementor-lightbox-slideshow=\"e9355ac\" data-elementor-lightbox-title=\"_DSC3951\" data-e-action-hash=\"#elementor-action%3Aaction%3Dlightbox%26settings%3DeyJpZCI6Mzc1NywidXJsIjoiaHR0cHM6XC9cL29saXZlcmdlcmJlci5jaFwvd3AtY29udGVudFwvdXBsb2Fkc1wvMjAyNVwvMTBcL0RTQzM5NTEtc2NhbGVkLndlYnAiLCJzbGlkZXNob3ciOiJlOTM1NWFjIn0%3D\">\n\t\t\t\t\t<div class=\"e-gallery-image elementor-gallery-item__image\" data-thumbnail=\"https:\/\/olivergerber.ch\/wp-content\/uploads\/2025\/10\/DSC3951-300x200.webp\" data-width=\"300\" data-height=\"200\" aria-label=\"\" role=\"img\" ><\/div>\n\t\t\t\t\t\t\t\t\t\t\t<div class=\"elementor-gallery-item__overlay\"><\/div>\n\t\t\t\t\t\t\t\t\t\t\t\t\t\t<\/a>\n\t\t\t\t\t\t\t<a class=\"e-gallery-item elementor-gallery-item elementor-animated-content\" href=\"https:\/\/olivergerber.ch\/wp-content\/uploads\/2025\/10\/OGE08597-scaled.webp\" data-elementor-open-lightbox=\"yes\" data-elementor-lightbox-slideshow=\"e9355ac\" data-elementor-lightbox-title=\"OGE08597\" data-e-action-hash=\"#elementor-action%3Aaction%3Dlightbox%26settings%3DeyJpZCI6Mzc1OSwidXJsIjoiaHR0cHM6XC9cL29saXZlcmdlcmJlci5jaFwvd3AtY29udGVudFwvdXBsb2Fkc1wvMjAyNVwvMTBcL09HRTA4NTk3LXNjYWxlZC53ZWJwIiwic2xpZGVzaG93IjoiZTkzNTVhYyJ9\">\n\t\t\t\t\t<div class=\"e-gallery-image elementor-gallery-item__image\" data-thumbnail=\"https:\/\/olivergerber.ch\/wp-content\/uploads\/2025\/10\/OGE08597-300x199.webp\" data-width=\"300\" data-height=\"199\" aria-label=\"\" role=\"img\" ><\/div>\n\t\t\t\t\t\t\t\t\t\t\t<div class=\"elementor-gallery-item__overlay\"><\/div>\n\t\t\t\t\t\t\t\t\t\t\t\t\t\t<\/a>\n\t\t\t\t\t\t\t<a class=\"e-gallery-item elementor-gallery-item elementor-animated-content\" href=\"https:\/\/olivergerber.ch\/wp-content\/uploads\/2025\/10\/eisvogel_1.1.1.webp\" data-elementor-open-lightbox=\"yes\" data-elementor-lightbox-slideshow=\"e9355ac\" data-elementor-lightbox-title=\"eisvogel_1.1.1\" data-e-action-hash=\"#elementor-action%3Aaction%3Dlightbox%26settings%3DeyJpZCI6Mzc2MCwidXJsIjoiaHR0cHM6XC9cL29saXZlcmdlcmJlci5jaFwvd3AtY29udGVudFwvdXBsb2Fkc1wvMjAyNVwvMTBcL2Vpc3ZvZ2VsXzEuMS4xLndlYnAiLCJzbGlkZXNob3ciOiJlOTM1NWFjIn0%3D\">\n\t\t\t\t\t<div class=\"e-gallery-image elementor-gallery-item__image\" data-thumbnail=\"https:\/\/olivergerber.ch\/wp-content\/uploads\/2025\/10\/eisvogel_1.1.1-300x191.webp\" data-width=\"300\" data-height=\"191\" aria-label=\"\" role=\"img\" ><\/div>\n\t\t\t\t\t\t\t\t\t\t\t<div class=\"elementor-gallery-item__overlay\"><\/div>\n\t\t\t\t\t\t\t\t\t\t\t\t\t\t<\/a>\n\t\t\t\t\t\t\t<a class=\"e-gallery-item elementor-gallery-item elementor-animated-content\" href=\"https:\/\/olivergerber.ch\/wp-content\/uploads\/2025\/10\/DSC0393.webp\" data-elementor-open-lightbox=\"yes\" data-elementor-lightbox-slideshow=\"e9355ac\" data-elementor-lightbox-title=\"_DSC0393\" data-e-action-hash=\"#elementor-action%3Aaction%3Dlightbox%26settings%3DeyJpZCI6Mzc2NSwidXJsIjoiaHR0cHM6XC9cL29saXZlcmdlcmJlci5jaFwvd3AtY29udGVudFwvdXBsb2Fkc1wvMjAyNVwvMTBcL0RTQzAzOTMud2VicCIsInNsaWRlc2hvdyI6ImU5MzU1YWMifQ%3D%3D\">\n\t\t\t\t\t<div class=\"e-gallery-image elementor-gallery-item__image\" data-thumbnail=\"https:\/\/olivergerber.ch\/wp-content\/uploads\/2025\/10\/DSC0393-300x200.webp\" data-width=\"300\" data-height=\"200\" aria-label=\"\" role=\"img\" ><\/div>\n\t\t\t\t\t\t\t\t\t\t\t<div class=\"elementor-gallery-item__overlay\"><\/div>\n\t\t\t\t\t\t\t\t\t\t\t\t\t\t<\/a>\n\t\t\t\t\t\t\t<a class=\"e-gallery-item elementor-gallery-item elementor-animated-content\" href=\"https:\/\/olivergerber.ch\/wp-content\/uploads\/2025\/10\/DSC0375.webp\" data-elementor-open-lightbox=\"yes\" data-elementor-lightbox-slideshow=\"e9355ac\" data-elementor-lightbox-title=\"_DSC0375\" data-e-action-hash=\"#elementor-action%3Aaction%3Dlightbox%26settings%3DeyJpZCI6Mzc2NywidXJsIjoiaHR0cHM6XC9cL29saXZlcmdlcmJlci5jaFwvd3AtY29udGVudFwvdXBsb2Fkc1wvMjAyNVwvMTBcL0RTQzAzNzUud2VicCIsInNsaWRlc2hvdyI6ImU5MzU1YWMifQ%3D%3D\">\n\t\t\t\t\t<div class=\"e-gallery-image elementor-gallery-item__image\" data-thumbnail=\"https:\/\/olivergerber.ch\/wp-content\/uploads\/2025\/10\/DSC0375-300x200.webp\" data-width=\"300\" data-height=\"200\" aria-label=\"\" role=\"img\" ><\/div>\n\t\t\t\t\t\t\t\t\t\t\t<div class=\"elementor-gallery-item__overlay\"><\/div>\n\t\t\t\t\t\t\t\t\t\t\t\t\t\t<\/a>\n\t\t\t\t\t\t\t<a class=\"e-gallery-item elementor-gallery-item elementor-animated-content\" href=\"https:\/\/olivergerber.ch\/wp-content\/uploads\/2025\/10\/DSC0345.webp\" data-elementor-open-lightbox=\"yes\" data-elementor-lightbox-slideshow=\"e9355ac\" data-elementor-lightbox-title=\"_DSC0345\" data-e-action-hash=\"#elementor-action%3Aaction%3Dlightbox%26settings%3DeyJpZCI6Mzc2OCwidXJsIjoiaHR0cHM6XC9cL29saXZlcmdlcmJlci5jaFwvd3AtY29udGVudFwvdXBsb2Fkc1wvMjAyNVwvMTBcL0RTQzAzNDUud2VicCIsInNsaWRlc2hvdyI6ImU5MzU1YWMifQ%3D%3D\">\n\t\t\t\t\t<div class=\"e-gallery-image elementor-gallery-item__image\" data-thumbnail=\"https:\/\/olivergerber.ch\/wp-content\/uploads\/2025\/10\/DSC0345-300x200.webp\" data-width=\"300\" data-height=\"200\" aria-label=\"\" role=\"img\" ><\/div>\n\t\t\t\t\t\t\t\t\t\t\t<div class=\"elementor-gallery-item__overlay\"><\/div>\n\t\t\t\t\t\t\t\t\t\t\t\t\t\t<\/a>\n\t\t\t\t\t\t\t<a class=\"e-gallery-item elementor-gallery-item elementor-animated-content\" href=\"https:\/\/olivergerber.ch\/wp-content\/uploads\/2025\/10\/DSC0511-scaled.webp\" data-elementor-open-lightbox=\"yes\" data-elementor-lightbox-slideshow=\"e9355ac\" data-elementor-lightbox-title=\"_DSC0511\" data-e-action-hash=\"#elementor-action%3Aaction%3Dlightbox%26settings%3DeyJpZCI6Mzc3MSwidXJsIjoiaHR0cHM6XC9cL29saXZlcmdlcmJlci5jaFwvd3AtY29udGVudFwvdXBsb2Fkc1wvMjAyNVwvMTBcL0RTQzA1MTEtc2NhbGVkLndlYnAiLCJzbGlkZXNob3ciOiJlOTM1NWFjIn0%3D\">\n\t\t\t\t\t<div class=\"e-gallery-image elementor-gallery-item__image\" data-thumbnail=\"https:\/\/olivergerber.ch\/wp-content\/uploads\/2025\/10\/DSC0511-300x200.webp\" data-width=\"300\" data-height=\"200\" aria-label=\"\" role=\"img\" ><\/div>\n\t\t\t\t\t\t\t\t\t\t\t<div class=\"elementor-gallery-item__overlay\"><\/div>\n\t\t\t\t\t\t\t\t\t\t\t\t\t\t<\/a>\n\t\t\t\t\t<\/div>\n\t\t\t\t\t<\/div>\n\t\t\t\t\t<\/div>\n\t\t\t\t<\/div>\n\t\t\t\t<\/div>\n\t\t","protected":false},"excerpt":{"rendered":"<p>Wildlife &amp; Freizeitfotografie Wenn ich nicht f\u00fcr Kund*innen unterwegs bin, findest du mich meistens draussen mit der Kamera in der Hand. Tiere in ihrer nat\u00fcrlichen Umgebung zu fotografieren, ist f\u00fcr mich pure Leidenschaft. Es erfordert Geduld, Respekt und das richtige Gesp\u00fcr f\u00fcr den Moment. Genau das fasziniert mich: die Sch\u00f6nheit der Natur, echte Wildtierbegegnungen und [&hellip;]<\/p>\n","protected":false},"author":1,"featured_media":0,"parent":0,"menu_order":0,"comment_status":"closed","ping_status":"closed","template":"","meta":{"footnotes":""},"class_list":["post-2963","page","type-page","status-publish","hentry"],"_links":{"self":[{"href":"https:\/\/olivergerber.ch\/index.php\/wp-json\/wp\/v2\/pages\/2963","targetHints":{"allow":["GET"]}}],"collection":[{"href":"https:\/\/olivergerber.ch\/index.php\/wp-json\/wp\/v2\/pages"}],"about":[{"href":"https:\/\/olivergerber.ch\/index.php\/wp-json\/wp\/v2\/types\/page"}],"author":[{"embeddable":true,"href":"https:\/\/olivergerber.ch\/index.php\/wp-json\/wp\/v2\/users\/1"}],"replies":[{"embeddable":true,"href":"https:\/\/olivergerber.ch\/index.php\/wp-json\/wp\/v2\/comments?post=2963"}],"version-history":[{"count":31,"href":"https:\/\/olivergerber.ch\/index.php\/wp-json\/wp\/v2\/pages\/2963\/revisions"}],"predecessor-version":[{"id":3969,"href":"https:\/\/olivergerber.ch\/index.php\/wp-json\/wp\/v2\/pages\/2963\/revisions\/3969"}],"wp:attachment":[{"href":"https:\/\/olivergerber.ch\/index.php\/wp-json\/wp\/v2\/media?parent=2963"}],"curies":[{"name":"wp","href":"https:\/\/api.w.org\/{rel}","templated":true}]}}